{"id":49,"date":"2021-03-20T18:43:04","date_gmt":"2021-03-20T17:43:04","guid":{"rendered":"http:\/\/ehpadrichard.fr\/?page_id=49"},"modified":"2025-04-25T12:49:34","modified_gmt":"2025-04-25T10:49:34","slug":"mon-espace","status":"publish","type":"page","link":"https:\/\/ehpadrichard.fr\/index.php\/mon-espace\/","title":{"rendered":"Espace famille"},"content":{"rendered":"\t\t<div data-elementor-type=\"wp-page\" data-elementor-id=\"49\" class=\"elementor elementor-49\">\n\t\t\t\t\t\t<section class=\"elementor-section elementor-top-section elementor-element elementor-element-38fe3ca elementor-section-boxed elementor-section-height-default elementor-section-height-default\" data-id=\"38fe3ca\" data-element_type=\"section\" data-e-type=\"section\">\n\t\t\t\t\t\t<div class=\"elementor-container elementor-column-gap-default\">\n\t\t\t\t\t<div class=\"elementor-column elementor-col-100 elementor-top-column elementor-element elementor-element-5529894\" data-id=\"5529894\" data-element_type=\"column\" data-e-type=\"column\">\n\t\t\t<div class=\"elementor-widget-wrap elementor-element-populated\">\n\t\t\t\t\t\t<div class=\"elementor-element elementor-element-3d334e3 elementor-widget elementor-widget-text-editor\" data-id=\"3d334e3\" data-element_type=\"widget\" data-e-type=\"widget\" data-widget_type=\"text-editor.default\">\n\t\t\t\t<div class=\"elementor-widget-container\">\n\t\t\t\t\t\t\t\t\t<p style=\"text-align: left;\">Bienvenue sur notre page destin\u00e9e aux familles de r\u00e9sidents de l&#8217;EHPAD RICHARD . Nous sommes ravis de pouvoir vous offrir un espace d\u00e9di\u00e9 pour vous informer sur la vie de votre proche au sein de notre \u00e9tablissement.<\/p>\t\t\t\t\t\t\t\t<\/div>\n\t\t\t\t<\/div>\n\t\t\t\t\t<\/div>\n\t\t<\/div>\n\t\t\t\t\t<\/div>\n\t\t<\/section>\n\t\t\t\t<section class=\"elementor-section elementor-top-section elementor-element elementor-element-6e2971b2 elementor-section-content-middle elementor-section-boxed elementor-section-height-default elementor-section-height-default\" data-id=\"6e2971b2\" data-element_type=\"section\" data-e-type=\"section\">\n\t\t\t\t\t\t<div class=\"elementor-container elementor-column-gap-no\">\n\t\t\t\t\t<div class=\"elementor-column elementor-col-100 elementor-top-column elementor-element elementor-element-a5bcea1\" data-id=\"a5bcea1\" data-element_type=\"column\" data-e-type=\"column\">\n\t\t\t<div class=\"elementor-widget-wrap elementor-element-populated\">\n\t\t\t\t\t\t<div class=\"elementor-element elementor-element-68b6e39 elementor-widget elementor-widget-heading\" data-id=\"68b6e39\" data-element_type=\"widget\" data-e-type=\"widget\" data-widget_type=\"heading.default\">\n\t\t\t\t<div class=\"elementor-widget-container\">\n\t\t\t\t\t<h4 class=\"elementor-heading-title elementor-size-default\">F\u00eates des familles 2025<\/h4>\t\t\t\t<\/div>\n\t\t\t\t<\/div>\n\t\t\t\t<div class=\"elementor-element elementor-element-680ff1f2 elementor-widget elementor-widget-video\" data-id=\"680ff1f2\" data-element_type=\"widget\" data-e-type=\"widget\" data-settings=\"{&quot;video_type&quot;:&quot;hosted&quot;,&quot;controls&quot;:&quot;yes&quot;}\" data-widget_type=\"video.default\">\n\t\t\t\t<div class=\"elementor-widget-container\">\n\t\t\t\t\t\t\t<div class=\"e-hosted-video elementor-wrapper elementor-open-inline\">\n\t\t\t\t\t<video class=\"elementor-video\" src=\"https:\/\/ehpadrichard.fr\/wp-content\/uploads\/2025\/04\/lv_0_20240615191112.mp4\" controls=\"\" preload=\"metadata\" controlsList=\"nodownload\"><\/video>\n\t\t\t\t<\/div>\n\t\t\t\t\t\t<\/div>\n\t\t\t\t<\/div>\n\t\t\t\t<div class=\"elementor-element elementor-element-957270a elementor-widget elementor-widget-text-editor\" data-id=\"957270a\" data-element_type=\"widget\" data-e-type=\"widget\" data-widget_type=\"text-editor.default\">\n\t\t\t\t<div class=\"elementor-widget-container\">\n\t\t\t\t\t\t\t\t\t<p><strong>Nous vous annon\u00e7ons que cette ann\u00e9e la f\u00eates des familles aura lieu le jeudi 12 Juin 2025. Vous recevrez d\u00e9but Mai, le bulletin d&#8217;inscription pour cet \u00e9v\u00e8nement. Pour les personnes qui n&#8217;ont jamais particip\u00e9 voici un aper\u00e7u de l&#8217;ambiance de la f\u00eate des familles 2024 !<\/strong><\/p>\t\t\t\t\t\t\t\t<\/div>\n\t\t\t\t<\/div>\n\t\t\t\t\t<\/div>\n\t\t<\/div>\n\t\t\t\t\t<\/div>\n\t\t<\/section>\n\t\t\t\t<\/div>\n\t\t","protected":false},"excerpt":{"rendered":"<p>Bienvenue sur notre page destin\u00e9e aux familles de r\u00e9sidents de l&#8217;EHPAD RICHARD . Nous sommes ravis de pouvoir vous offrir un espace d\u00e9di\u00e9 pour vous informer sur la vie de &hellip; <\/p>\n","protected":false},"author":1,"featured_media":1571,"parent":0,"menu_order":0,"comment_status":"closed","ping_status":"closed","template":"","meta":{"footnotes":""},"class_list":["post-49","page","type-page","status-publish","has-post-thumbnail","hentry"],"yoast_head":"<!-- This site is optimized with the Yoast SEO plugin v27.1.1 - https:\/\/yoast.com\/product\/yoast-seo-wordpress\/ -->\n<title>Espace famille - P\u00f4le G\u00e9rontologique EHPAD Public Richard<\/title>\n<meta name=\"robots\" content=\"index, follow, max-snippet:-1, max-image-preview:large, max-video-preview:-1\" \/>\n<link rel=\"canonical\" href=\"https:\/\/ehpadrichard.fr\/index.php\/mon-espace\/\" \/>\n<meta property=\"og:locale\" content=\"en_US\" \/>\n<meta property=\"og:type\" content=\"article\" \/>\n<meta property=\"og:title\" content=\"Espace famille - P\u00f4le G\u00e9rontologique EHPAD Public Richard\" \/>\n<meta property=\"og:description\" content=\"Bienvenue sur notre page destin\u00e9e aux familles de r\u00e9sidents de l&#8217;EHPAD RICHARD . Nous sommes ravis de pouvoir vous offrir un espace d\u00e9di\u00e9 pour vous informer sur la vie de &hellip;\" \/>\n<meta property=\"og:url\" content=\"https:\/\/ehpadrichard.fr\/index.php\/mon-espace\/\" \/>\n<meta property=\"og:site_name\" content=\"P\u00f4le G\u00e9rontologique EHPAD Public Richard\" \/>\n<meta property=\"article:modified_time\" content=\"2025-04-25T10:49:34+00:00\" \/>\n<meta property=\"og:image\" content=\"https:\/\/ehpadrichard.fr\/wp-content\/uploads\/2022\/12\/20180618_035241-scaled.jpg\" \/>\n\t<meta property=\"og:image:width\" content=\"2560\" \/>\n\t<meta property=\"og:image:height\" content=\"1440\" \/>\n\t<meta property=\"og:image:type\" content=\"image\/jpeg\" \/>\n<meta name=\"twitter:card\" content=\"summary_large_image\" \/>\n<meta name=\"twitter:label1\" content=\"Est. reading time\" \/>\n\t<meta name=\"twitter:data1\" content=\"1 minute\" \/>\n<script type=\"application\/ld+json\" class=\"yoast-schema-graph\">{\"@context\":\"https:\/\/schema.org\",\"@graph\":[{\"@type\":\"WebPage\",\"@id\":\"https:\/\/ehpadrichard.fr\/index.php\/mon-espace\/\",\"url\":\"https:\/\/ehpadrichard.fr\/index.php\/mon-espace\/\",\"name\":\"Espace famille - P\u00f4le G\u00e9rontologique EHPAD Public Richard\",\"isPartOf\":{\"@id\":\"https:\/\/ehpadrichard.fr\/#website\"},\"primaryImageOfPage\":{\"@id\":\"https:\/\/ehpadrichard.fr\/index.php\/mon-espace\/#primaryimage\"},\"image\":{\"@id\":\"https:\/\/ehpadrichard.fr\/index.php\/mon-espace\/#primaryimage\"},\"thumbnailUrl\":\"https:\/\/ehpadrichard.fr\/wp-content\/uploads\/2022\/12\/20180618_035241-scaled.jpg\",\"datePublished\":\"2021-03-20T17:43:04+00:00\",\"dateModified\":\"2025-04-25T10:49:34+00:00\",\"breadcrumb\":{\"@id\":\"https:\/\/ehpadrichard.fr\/index.php\/mon-espace\/#breadcrumb\"},\"inLanguage\":\"en-US\",\"potentialAction\":[{\"@type\":\"ReadAction\",\"target\":[\"https:\/\/ehpadrichard.fr\/index.php\/mon-espace\/\"]}]},{\"@type\":\"ImageObject\",\"inLanguage\":\"en-US\",\"@id\":\"https:\/\/ehpadrichard.fr\/index.php\/mon-espace\/#primaryimage\",\"url\":\"https:\/\/ehpadrichard.fr\/wp-content\/uploads\/2022\/12\/20180618_035241-scaled.jpg\",\"contentUrl\":\"https:\/\/ehpadrichard.fr\/wp-content\/uploads\/2022\/12\/20180618_035241-scaled.jpg\",\"width\":2560,\"height\":1440},{\"@type\":\"BreadcrumbList\",\"@id\":\"https:\/\/ehpadrichard.fr\/index.php\/mon-espace\/#breadcrumb\",\"itemListElement\":[{\"@type\":\"ListItem\",\"position\":1,\"name\":\"Accueil\",\"item\":\"https:\/\/ehpadrichard.fr\/\"},{\"@type\":\"ListItem\",\"position\":2,\"name\":\"Espace famille\"}]},{\"@type\":\"WebSite\",\"@id\":\"https:\/\/ehpadrichard.fr\/#website\",\"url\":\"https:\/\/ehpadrichard.fr\/\",\"name\":\"P\u00f4le G\u00e9rontologique EHPAD Public Richard\",\"description\":\"2 Boulevard Richard Garnier 78700 Conflans-Sainte-Honorine\",\"potentialAction\":[{\"@type\":\"SearchAction\",\"target\":{\"@type\":\"EntryPoint\",\"urlTemplate\":\"https:\/\/ehpadrichard.fr\/?s={search_term_string}\"},\"query-input\":{\"@type\":\"PropertyValueSpecification\",\"valueRequired\":true,\"valueName\":\"search_term_string\"}}],\"inLanguage\":\"en-US\"}]}<\/script>\n<!-- \/ Yoast SEO plugin. -->","yoast_head_json":{"title":"Espace famille - P\u00f4le G\u00e9rontologique EHPAD Public Richard","robots":{"index":"index","follow":"follow","max-snippet":"max-snippet:-1","max-image-preview":"max-image-preview:large","max-video-preview":"max-video-preview:-1"},"canonical":"https:\/\/ehpadrichard.fr\/index.php\/mon-espace\/","og_locale":"en_US","og_type":"article","og_title":"Espace famille - P\u00f4le G\u00e9rontologique EHPAD Public Richard","og_description":"Bienvenue sur notre page destin\u00e9e aux familles de r\u00e9sidents de l&#8217;EHPAD RICHARD . Nous sommes ravis de pouvoir vous offrir un espace d\u00e9di\u00e9 pour vous informer sur la vie de &hellip;","og_url":"https:\/\/ehpadrichard.fr\/index.php\/mon-espace\/","og_site_name":"P\u00f4le G\u00e9rontologique EHPAD Public Richard","article_modified_time":"2025-04-25T10:49:34+00:00","og_image":[{"width":2560,"height":1440,"url":"https:\/\/ehpadrichard.fr\/wp-content\/uploads\/2022\/12\/20180618_035241-scaled.jpg","type":"image\/jpeg"}],"twitter_card":"summary_large_image","twitter_misc":{"Est. reading time":"1 minute"},"schema":{"@context":"https:\/\/schema.org","@graph":[{"@type":"WebPage","@id":"https:\/\/ehpadrichard.fr\/index.php\/mon-espace\/","url":"https:\/\/ehpadrichard.fr\/index.php\/mon-espace\/","name":"Espace famille - P\u00f4le G\u00e9rontologique EHPAD Public Richard","isPartOf":{"@id":"https:\/\/ehpadrichard.fr\/#website"},"primaryImageOfPage":{"@id":"https:\/\/ehpadrichard.fr\/index.php\/mon-espace\/#primaryimage"},"image":{"@id":"https:\/\/ehpadrichard.fr\/index.php\/mon-espace\/#primaryimage"},"thumbnailUrl":"https:\/\/ehpadrichard.fr\/wp-content\/uploads\/2022\/12\/20180618_035241-scaled.jpg","datePublished":"2021-03-20T17:43:04+00:00","dateModified":"2025-04-25T10:49:34+00:00","breadcrumb":{"@id":"https:\/\/ehpadrichard.fr\/index.php\/mon-espace\/#breadcrumb"},"inLanguage":"en-US","potentialAction":[{"@type":"ReadAction","target":["https:\/\/ehpadrichard.fr\/index.php\/mon-espace\/"]}]},{"@type":"ImageObject","inLanguage":"en-US","@id":"https:\/\/ehpadrichard.fr\/index.php\/mon-espace\/#primaryimage","url":"https:\/\/ehpadrichard.fr\/wp-content\/uploads\/2022\/12\/20180618_035241-scaled.jpg","contentUrl":"https:\/\/ehpadrichard.fr\/wp-content\/uploads\/2022\/12\/20180618_035241-scaled.jpg","width":2560,"height":1440},{"@type":"BreadcrumbList","@id":"https:\/\/ehpadrichard.fr\/index.php\/mon-espace\/#breadcrumb","itemListElement":[{"@type":"ListItem","position":1,"name":"Accueil","item":"https:\/\/ehpadrichard.fr\/"},{"@type":"ListItem","position":2,"name":"Espace famille"}]},{"@type":"WebSite","@id":"https:\/\/ehpadrichard.fr\/#website","url":"https:\/\/ehpadrichard.fr\/","name":"P\u00f4le G\u00e9rontologique EHPAD Public Richard","description":"2 Boulevard Richard Garnier 78700 Conflans-Sainte-Honorine","potentialAction":[{"@type":"SearchAction","target":{"@type":"EntryPoint","urlTemplate":"https:\/\/ehpadrichard.fr\/?s={search_term_string}"},"query-input":{"@type":"PropertyValueSpecification","valueRequired":true,"valueName":"search_term_string"}}],"inLanguage":"en-US"}]}},"_links":{"self":[{"href":"https:\/\/ehpadrichard.fr\/index.php\/wp-json\/wp\/v2\/pages\/49","targetHints":{"allow":["GET"]}}],"collection":[{"href":"https:\/\/ehpadrichard.fr\/index.php\/wp-json\/wp\/v2\/pages"}],"about":[{"href":"https:\/\/ehpadrichard.fr\/index.php\/wp-json\/wp\/v2\/types\/page"}],"author":[{"embeddable":true,"href":"https:\/\/ehpadrichard.fr\/index.php\/wp-json\/wp\/v2\/users\/1"}],"replies":[{"embeddable":true,"href":"https:\/\/ehpadrichard.fr\/index.php\/wp-json\/wp\/v2\/comments?post=49"}],"version-history":[{"count":247,"href":"https:\/\/ehpadrichard.fr\/index.php\/wp-json\/wp\/v2\/pages\/49\/revisions"}],"predecessor-version":[{"id":2156,"href":"https:\/\/ehpadrichard.fr\/index.php\/wp-json\/wp\/v2\/pages\/49\/revisions\/2156"}],"wp:featuredmedia":[{"embeddable":true,"href":"https:\/\/ehpadrichard.fr\/index.php\/wp-json\/wp\/v2\/media\/1571"}],"wp:attachment":[{"href":"https:\/\/ehpadrichard.fr\/index.php\/wp-json\/wp\/v2\/media?parent=49"}],"curies":[{"name":"wp","href":"https:\/\/api.w.org\/{rel}","templated":true}]}}