{"id":93,"date":"2021-03-20T19:45:40","date_gmt":"2021-03-20T18:45:40","guid":{"rendered":"http:\/\/ehpadrichard.fr\/?page_id=93"},"modified":"2023-05-30T13:00:49","modified_gmt":"2023-05-30T11:00:49","slug":"plateforme-daccompagnement-et-de-repit-des-aidants-pfr","status":"publish","type":"page","link":"https:\/\/ehpadrichard.fr\/index.php\/plateforme-daccompagnement-et-de-repit-des-aidants-pfr\/","title":{"rendered":"Plateforme d&#8217;accompagnement et de r\u00e9pit des aidants (PFR)"},"content":{"rendered":"\t\t<div data-elementor-type=\"wp-page\" data-elementor-id=\"93\" class=\"elementor elementor-93\">\n\t\t\t\t\t\t<section class=\"elementor-section elementor-top-section elementor-element elementor-element-953a0b9 elementor-section-boxed elementor-section-height-default elementor-section-height-default\" data-id=\"953a0b9\" data-element_type=\"section\" data-e-type=\"section\">\n\t\t\t\t\t\t<div class=\"elementor-container elementor-column-gap-default\">\n\t\t\t\t\t<div class=\"elementor-column elementor-col-100 elementor-top-column elementor-element elementor-element-6fd0269\" data-id=\"6fd0269\" data-element_type=\"column\" data-e-type=\"column\">\n\t\t\t<div class=\"elementor-widget-wrap elementor-element-populated\">\n\t\t\t\t\t\t<div class=\"elementor-element elementor-element-caad0df elementor-widget elementor-widget-text-editor\" data-id=\"caad0df\" data-element_type=\"widget\" data-e-type=\"widget\" data-widget_type=\"text-editor.default\">\n\t\t\t\t<div class=\"elementor-widget-container\">\n\t\t\t\t\t\t\t\t\t<p>La Plateforme d&#8217;accompagnement et de r\u00e9pit des aidants (PFR) a vocation d&#8217;accompagner les proches aidants qui s&#8217;occupent d&#8217;une personne:<\/p><ul><li>En situation de handicap quel que soit l&#8217;\u00e2ge,<\/li><li>Atteinte d&#8217;une maladie neuro-d\u00e9g\u00e9n\u00e9rative ( Alzheimer, Parkinson et scl\u00e9rose en plaque ) quel que soit l&#8217;\u00e2ge,<\/li><li>Ag\u00e9e, en perte d&#8217;autonomie<\/li><\/ul>\t\t\t\t\t\t\t\t<\/div>\n\t\t\t\t<\/div>\n\t\t\t\t\t<\/div>\n\t\t<\/div>\n\t\t\t\t\t<\/div>\n\t\t<\/section>\n\t\t\t\t<section class=\"elementor-section elementor-top-section elementor-element elementor-element-df2f809 elementor-section-boxed elementor-section-height-default elementor-section-height-default\" data-id=\"df2f809\" data-element_type=\"section\" data-e-type=\"section\">\n\t\t\t\t\t\t<div class=\"elementor-container elementor-column-gap-default\">\n\t\t\t\t\t<div class=\"elementor-column elementor-col-50 elementor-top-column elementor-element elementor-element-a813fb7\" data-id=\"a813fb7\" data-element_type=\"column\" data-e-type=\"column\">\n\t\t\t<div class=\"elementor-widget-wrap elementor-element-populated\">\n\t\t\t\t\t\t<div class=\"elementor-element elementor-element-0eafa68 elementor-widget elementor-widget-image\" data-id=\"0eafa68\" data-element_type=\"widget\" data-e-type=\"widget\" data-widget_type=\"image.default\">\n\t\t\t\t<div class=\"elementor-widget-container\">\n\t\t\t\t\t\t\t\t\t\t\t\t\t\t\t<img fetchpriority=\"high\" decoding=\"async\" width=\"768\" height=\"1024\" src=\"https:\/\/ehpadrichard.fr\/wp-content\/uploads\/2022\/12\/facebook_1669892805757_7004038074757976550-002-768x1024.jpg\" class=\"attachment-large size-large wp-image-1477\" alt=\"\" srcset=\"https:\/\/ehpadrichard.fr\/wp-content\/uploads\/2022\/12\/facebook_1669892805757_7004038074757976550-002-768x1024.jpg 768w, https:\/\/ehpadrichard.fr\/wp-content\/uploads\/2022\/12\/facebook_1669892805757_7004038074757976550-002-225x300.jpg 225w, https:\/\/ehpadrichard.fr\/wp-content\/uploads\/2022\/12\/facebook_1669892805757_7004038074757976550-002-45x60.jpg 45w, https:\/\/ehpadrichard.fr\/wp-content\/uploads\/2022\/12\/facebook_1669892805757_7004038074757976550-002.jpg 1080w\" sizes=\"(max-width: 768px) 100vw, 768px\" \/>\t\t\t\t\t\t\t\t\t\t\t\t\t\t\t<\/div>\n\t\t\t\t<\/div>\n\t\t\t\t\t<\/div>\n\t\t<\/div>\n\t\t\t\t<div class=\"elementor-column elementor-col-50 elementor-top-column elementor-element elementor-element-72ec673\" data-id=\"72ec673\" data-element_type=\"column\" data-e-type=\"column\">\n\t\t\t<div class=\"elementor-widget-wrap elementor-element-populated\">\n\t\t\t\t\t\t<div class=\"elementor-element elementor-element-968fbf1 elementor-widget elementor-widget-spacer\" data-id=\"968fbf1\" data-element_type=\"widget\" data-e-type=\"widget\" data-widget_type=\"spacer.default\">\n\t\t\t\t<div class=\"elementor-widget-container\">\n\t\t\t\t\t\t\t<div class=\"elementor-spacer\">\n\t\t\t<div class=\"elementor-spacer-inner\"><\/div>\n\t\t<\/div>\n\t\t\t\t\t\t<\/div>\n\t\t\t\t<\/div>\n\t\t\t\t<div class=\"elementor-element elementor-element-9fc0ebf elementor-widget elementor-widget-text-editor\" data-id=\"9fc0ebf\" data-element_type=\"widget\" data-e-type=\"widget\" data-widget_type=\"text-editor.default\">\n\t\t\t\t<div class=\"elementor-widget-container\">\n\t\t\t\t\t\t\t\t\t<p>Les objectifs:<\/p><ul><li>R\u00e9pondre aux besoins d&#8217;information, d&#8217;\u00e9coute, de conseils et de formation des proches aidants<\/li><li>Soutien et r\u00e9pit aux aidants<\/li><li>Pr\u00e9venir l&#8217;\u00e9puisement des aidants<\/li><li>Favoriser les moments de partage entre aidant et aid\u00e9<\/li><\/ul>\t\t\t\t\t\t\t\t<\/div>\n\t\t\t\t<\/div>\n\t\t\t\t<div class=\"elementor-element elementor-element-07d82cc elementor-widget elementor-widget-text-editor\" data-id=\"07d82cc\" data-element_type=\"widget\" data-e-type=\"widget\" data-widget_type=\"text-editor.default\">\n\t\t\t\t<div class=\"elementor-widget-container\">\n\t\t\t\t\t\t\t\t\t<p>Les actions:<\/p><ul><li>R\u00e9union d&#8217;information, de sensibilisation et de formation<\/li><li>Groupe d&#8217;\u00e9change entre aidants<\/li><li>Activit\u00e9s de d\u00e9tente et de loisirs pour l&#8217;aidant ou pour le couple aidant\/aid\u00e9<\/li><li>entretien aupr\u00e8s d&#8217;une psychologue<\/li><\/ul>\t\t\t\t\t\t\t\t<\/div>\n\t\t\t\t<\/div>\n\t\t\t\t\t<\/div>\n\t\t<\/div>\n\t\t\t\t\t<\/div>\n\t\t<\/section>\n\t\t\t\t<section class=\"elementor-section elementor-top-section elementor-element elementor-element-2e36a98 elementor-section-boxed elementor-section-height-default elementor-section-height-default\" data-id=\"2e36a98\" data-element_type=\"section\" data-e-type=\"section\">\n\t\t\t\t\t\t<div class=\"elementor-container elementor-column-gap-default\">\n\t\t\t\t\t<div class=\"elementor-column elementor-col-50 elementor-top-column elementor-element elementor-element-86c2c0d\" data-id=\"86c2c0d\" data-element_type=\"column\" data-e-type=\"column\">\n\t\t\t<div class=\"elementor-widget-wrap elementor-element-populated\">\n\t\t\t\t\t\t<div class=\"elementor-element elementor-element-00b43d6 elementor-widget elementor-widget-text-editor\" data-id=\"00b43d6\" data-element_type=\"widget\" data-e-type=\"widget\" data-widget_type=\"text-editor.default\">\n\t\t\t\t<div class=\"elementor-widget-container\">\n\t\t\t\t\t\t\t\t\t<p>Pour b\u00e9n\u00e9ficier de ces actions:<\/p><ul><li>Contacter un professionnel de la plateforme<\/li><li>Participer \u00e0 une premi\u00e8re rencontre de recueil des besoins et des attentes de l&#8217;aidant et du couple aidant\/aid\u00e9<\/li><\/ul>\t\t\t\t\t\t\t\t<\/div>\n\t\t\t\t<\/div>\n\t\t\t\t\t<\/div>\n\t\t<\/div>\n\t\t\t\t<div class=\"elementor-column elementor-col-50 elementor-top-column elementor-element elementor-element-28d2072\" data-id=\"28d2072\" data-element_type=\"column\" data-e-type=\"column\">\n\t\t\t<div class=\"elementor-widget-wrap elementor-element-populated\">\n\t\t\t\t\t\t<div class=\"elementor-element elementor-element-95e6a6f elementor-widget elementor-widget-text-editor\" data-id=\"95e6a6f\" data-element_type=\"widget\" data-e-type=\"widget\" data-widget_type=\"text-editor.default\">\n\t\t\t\t<div class=\"elementor-widget-container\">\n\t\t\t\t\t\t\t\t\t<p>Contacts:<\/p><ul><li>Responsable PFR : Sabrina Hardy<\/li><li>P.F.R : 2 Boulevard Richard Garnier 78700 Conflans-Sainte-Honorine<\/li><li>Tel: 01 34 90 45 55 \/ 06 74 56 80 50<\/li><li>Mail: <a href=\"mailto:pfr@epsms-richard.fr\">pfr@epsms-richard.fr<\/a><\/li><\/ul>\t\t\t\t\t\t\t\t<\/div>\n\t\t\t\t<\/div>\n\t\t\t\t\t<\/div>\n\t\t<\/div>\n\t\t\t\t\t<\/div>\n\t\t<\/section>\n\t\t\t\t<\/div>\n\t\t","protected":false},"excerpt":{"rendered":"<p>La Plateforme d&#8217;accompagnement et de r\u00e9pit des aidants (PFR) a vocation d&#8217;accompagner les proches aidants qui s&#8217;occupent d&#8217;une personne: En situation de handicap quel que soit l&#8217;\u00e2ge, Atteinte d&#8217;une maladie &hellip; <\/p>\n","protected":false},"author":1,"featured_media":1475,"parent":0,"menu_order":0,"comment_status":"closed","ping_status":"closed","template":"","meta":{"footnotes":""},"class_list":["post-93","page","type-page","status-publish","has-post-thumbnail","hentry"],"yoast_head":"<!-- This site is optimized with the Yoast SEO plugin v27.1.1 - https:\/\/yoast.com\/product\/yoast-seo-wordpress\/ -->\n<title>Plateforme d&#039;accompagnement et de r\u00e9pit des aidants (PFR) - P\u00f4le G\u00e9rontologique EHPAD Public Richard<\/title>\n<meta name=\"robots\" content=\"index, follow, max-snippet:-1, max-image-preview:large, max-video-preview:-1\" \/>\n<link rel=\"canonical\" href=\"https:\/\/ehpadrichard.fr\/index.php\/plateforme-daccompagnement-et-de-repit-des-aidants-pfr\/\" \/>\n<meta property=\"og:locale\" content=\"en_US\" \/>\n<meta property=\"og:type\" content=\"article\" \/>\n<meta property=\"og:title\" content=\"Plateforme d&#039;accompagnement et de r\u00e9pit des aidants (PFR) - P\u00f4le G\u00e9rontologique EHPAD Public Richard\" \/>\n<meta property=\"og:description\" content=\"La Plateforme d&#8217;accompagnement et de r\u00e9pit des aidants (PFR) a vocation d&#8217;accompagner les proches aidants qui s&#8217;occupent d&#8217;une personne: En situation de handicap quel que soit l&#8217;\u00e2ge, Atteinte d&#8217;une maladie &hellip;\" \/>\n<meta property=\"og:url\" content=\"https:\/\/ehpadrichard.fr\/index.php\/plateforme-daccompagnement-et-de-repit-des-aidants-pfr\/\" \/>\n<meta property=\"og:site_name\" content=\"P\u00f4le G\u00e9rontologique EHPAD Public Richard\" \/>\n<meta property=\"article:modified_time\" content=\"2023-05-30T11:00:49+00:00\" \/>\n<meta property=\"og:image\" content=\"https:\/\/ehpadrichard.fr\/wp-content\/uploads\/2022\/12\/facebook_1669892842686_7004038229651738722442.jpg\" \/>\n\t<meta property=\"og:image:width\" content=\"1080\" \/>\n\t<meta property=\"og:image:height\" content=\"1440\" \/>\n\t<meta property=\"og:image:type\" content=\"image\/jpeg\" \/>\n<meta name=\"twitter:card\" content=\"summary_large_image\" \/>\n<meta name=\"twitter:label1\" content=\"Est. reading time\" \/>\n\t<meta name=\"twitter:data1\" content=\"1 minute\" \/>\n<script type=\"application\/ld+json\" class=\"yoast-schema-graph\">{\"@context\":\"https:\/\/schema.org\",\"@graph\":[{\"@type\":\"WebPage\",\"@id\":\"https:\/\/ehpadrichard.fr\/index.php\/plateforme-daccompagnement-et-de-repit-des-aidants-pfr\/\",\"url\":\"https:\/\/ehpadrichard.fr\/index.php\/plateforme-daccompagnement-et-de-repit-des-aidants-pfr\/\",\"name\":\"Plateforme d'accompagnement et de r\u00e9pit des aidants (PFR) - P\u00f4le G\u00e9rontologique EHPAD Public Richard\",\"isPartOf\":{\"@id\":\"https:\/\/ehpadrichard.fr\/#website\"},\"primaryImageOfPage\":{\"@id\":\"https:\/\/ehpadrichard.fr\/index.php\/plateforme-daccompagnement-et-de-repit-des-aidants-pfr\/#primaryimage\"},\"image\":{\"@id\":\"https:\/\/ehpadrichard.fr\/index.php\/plateforme-daccompagnement-et-de-repit-des-aidants-pfr\/#primaryimage\"},\"thumbnailUrl\":\"https:\/\/ehpadrichard.fr\/wp-content\/uploads\/2022\/12\/facebook_1669892842686_7004038229651738722442.jpg\",\"datePublished\":\"2021-03-20T18:45:40+00:00\",\"dateModified\":\"2023-05-30T11:00:49+00:00\",\"breadcrumb\":{\"@id\":\"https:\/\/ehpadrichard.fr\/index.php\/plateforme-daccompagnement-et-de-repit-des-aidants-pfr\/#breadcrumb\"},\"inLanguage\":\"en-US\",\"potentialAction\":[{\"@type\":\"ReadAction\",\"target\":[\"https:\/\/ehpadrichard.fr\/index.php\/plateforme-daccompagnement-et-de-repit-des-aidants-pfr\/\"]}]},{\"@type\":\"ImageObject\",\"inLanguage\":\"en-US\",\"@id\":\"https:\/\/ehpadrichard.fr\/index.php\/plateforme-daccompagnement-et-de-repit-des-aidants-pfr\/#primaryimage\",\"url\":\"https:\/\/ehpadrichard.fr\/wp-content\/uploads\/2022\/12\/facebook_1669892842686_7004038229651738722442.jpg\",\"contentUrl\":\"https:\/\/ehpadrichard.fr\/wp-content\/uploads\/2022\/12\/facebook_1669892842686_7004038229651738722442.jpg\",\"width\":1080,\"height\":1440},{\"@type\":\"BreadcrumbList\",\"@id\":\"https:\/\/ehpadrichard.fr\/index.php\/plateforme-daccompagnement-et-de-repit-des-aidants-pfr\/#breadcrumb\",\"itemListElement\":[{\"@type\":\"ListItem\",\"position\":1,\"name\":\"Accueil\",\"item\":\"https:\/\/ehpadrichard.fr\/\"},{\"@type\":\"ListItem\",\"position\":2,\"name\":\"Plateforme d&#8217;accompagnement et de r\u00e9pit des aidants (PFR)\"}]},{\"@type\":\"WebSite\",\"@id\":\"https:\/\/ehpadrichard.fr\/#website\",\"url\":\"https:\/\/ehpadrichard.fr\/\",\"name\":\"P\u00f4le G\u00e9rontologique EHPAD Public Richard\",\"description\":\"2 Boulevard Richard Garnier 78700 Conflans-Sainte-Honorine\",\"potentialAction\":[{\"@type\":\"SearchAction\",\"target\":{\"@type\":\"EntryPoint\",\"urlTemplate\":\"https:\/\/ehpadrichard.fr\/?s={search_term_string}\"},\"query-input\":{\"@type\":\"PropertyValueSpecification\",\"valueRequired\":true,\"valueName\":\"search_term_string\"}}],\"inLanguage\":\"en-US\"}]}<\/script>\n<!-- \/ Yoast SEO plugin. -->","yoast_head_json":{"title":"Plateforme d'accompagnement et de r\u00e9pit des aidants (PFR) - P\u00f4le G\u00e9rontologique EHPAD Public Richard","robots":{"index":"index","follow":"follow","max-snippet":"max-snippet:-1","max-image-preview":"max-image-preview:large","max-video-preview":"max-video-preview:-1"},"canonical":"https:\/\/ehpadrichard.fr\/index.php\/plateforme-daccompagnement-et-de-repit-des-aidants-pfr\/","og_locale":"en_US","og_type":"article","og_title":"Plateforme d'accompagnement et de r\u00e9pit des aidants (PFR) - P\u00f4le G\u00e9rontologique EHPAD Public Richard","og_description":"La Plateforme d&#8217;accompagnement et de r\u00e9pit des aidants (PFR) a vocation d&#8217;accompagner les proches aidants qui s&#8217;occupent d&#8217;une personne: En situation de handicap quel que soit l&#8217;\u00e2ge, Atteinte d&#8217;une maladie &hellip;","og_url":"https:\/\/ehpadrichard.fr\/index.php\/plateforme-daccompagnement-et-de-repit-des-aidants-pfr\/","og_site_name":"P\u00f4le G\u00e9rontologique EHPAD Public Richard","article_modified_time":"2023-05-30T11:00:49+00:00","og_image":[{"width":1080,"height":1440,"url":"https:\/\/ehpadrichard.fr\/wp-content\/uploads\/2022\/12\/facebook_1669892842686_7004038229651738722442.jpg","type":"image\/jpeg"}],"twitter_card":"summary_large_image","twitter_misc":{"Est. reading time":"1 minute"},"schema":{"@context":"https:\/\/schema.org","@graph":[{"@type":"WebPage","@id":"https:\/\/ehpadrichard.fr\/index.php\/plateforme-daccompagnement-et-de-repit-des-aidants-pfr\/","url":"https:\/\/ehpadrichard.fr\/index.php\/plateforme-daccompagnement-et-de-repit-des-aidants-pfr\/","name":"Plateforme d'accompagnement et de r\u00e9pit des aidants (PFR) - P\u00f4le G\u00e9rontologique EHPAD Public Richard","isPartOf":{"@id":"https:\/\/ehpadrichard.fr\/#website"},"primaryImageOfPage":{"@id":"https:\/\/ehpadrichard.fr\/index.php\/plateforme-daccompagnement-et-de-repit-des-aidants-pfr\/#primaryimage"},"image":{"@id":"https:\/\/ehpadrichard.fr\/index.php\/plateforme-daccompagnement-et-de-repit-des-aidants-pfr\/#primaryimage"},"thumbnailUrl":"https:\/\/ehpadrichard.fr\/wp-content\/uploads\/2022\/12\/facebook_1669892842686_7004038229651738722442.jpg","datePublished":"2021-03-20T18:45:40+00:00","dateModified":"2023-05-30T11:00:49+00:00","breadcrumb":{"@id":"https:\/\/ehpadrichard.fr\/index.php\/plateforme-daccompagnement-et-de-repit-des-aidants-pfr\/#breadcrumb"},"inLanguage":"en-US","potentialAction":[{"@type":"ReadAction","target":["https:\/\/ehpadrichard.fr\/index.php\/plateforme-daccompagnement-et-de-repit-des-aidants-pfr\/"]}]},{"@type":"ImageObject","inLanguage":"en-US","@id":"https:\/\/ehpadrichard.fr\/index.php\/plateforme-daccompagnement-et-de-repit-des-aidants-pfr\/#primaryimage","url":"https:\/\/ehpadrichard.fr\/wp-content\/uploads\/2022\/12\/facebook_1669892842686_7004038229651738722442.jpg","contentUrl":"https:\/\/ehpadrichard.fr\/wp-content\/uploads\/2022\/12\/facebook_1669892842686_7004038229651738722442.jpg","width":1080,"height":1440},{"@type":"BreadcrumbList","@id":"https:\/\/ehpadrichard.fr\/index.php\/plateforme-daccompagnement-et-de-repit-des-aidants-pfr\/#breadcrumb","itemListElement":[{"@type":"ListItem","position":1,"name":"Accueil","item":"https:\/\/ehpadrichard.fr\/"},{"@type":"ListItem","position":2,"name":"Plateforme d&#8217;accompagnement et de r\u00e9pit des aidants (PFR)"}]},{"@type":"WebSite","@id":"https:\/\/ehpadrichard.fr\/#website","url":"https:\/\/ehpadrichard.fr\/","name":"P\u00f4le G\u00e9rontologique EHPAD Public Richard","description":"2 Boulevard Richard Garnier 78700 Conflans-Sainte-Honorine","potentialAction":[{"@type":"SearchAction","target":{"@type":"EntryPoint","urlTemplate":"https:\/\/ehpadrichard.fr\/?s={search_term_string}"},"query-input":{"@type":"PropertyValueSpecification","valueRequired":true,"valueName":"search_term_string"}}],"inLanguage":"en-US"}]}},"_links":{"self":[{"href":"https:\/\/ehpadrichard.fr\/index.php\/wp-json\/wp\/v2\/pages\/93","targetHints":{"allow":["GET"]}}],"collection":[{"href":"https:\/\/ehpadrichard.fr\/index.php\/wp-json\/wp\/v2\/pages"}],"about":[{"href":"https:\/\/ehpadrichard.fr\/index.php\/wp-json\/wp\/v2\/types\/page"}],"author":[{"embeddable":true,"href":"https:\/\/ehpadrichard.fr\/index.php\/wp-json\/wp\/v2\/users\/1"}],"replies":[{"embeddable":true,"href":"https:\/\/ehpadrichard.fr\/index.php\/wp-json\/wp\/v2\/comments?post=93"}],"version-history":[{"count":56,"href":"https:\/\/ehpadrichard.fr\/index.php\/wp-json\/wp\/v2\/pages\/93\/revisions"}],"predecessor-version":[{"id":2002,"href":"https:\/\/ehpadrichard.fr\/index.php\/wp-json\/wp\/v2\/pages\/93\/revisions\/2002"}],"wp:featuredmedia":[{"embeddable":true,"href":"https:\/\/ehpadrichard.fr\/index.php\/wp-json\/wp\/v2\/media\/1475"}],"wp:attachment":[{"href":"https:\/\/ehpadrichard.fr\/index.php\/wp-json\/wp\/v2\/media?parent=93"}],"curies":[{"name":"wp","href":"https:\/\/api.w.org\/{rel}","templated":true}]}}